{"id":6807,"date":"2025-05-20T14:24:55","date_gmt":"2025-05-20T12:24:55","guid":{"rendered":"http:\/\/new.tex-rail-training.be.w01d422b.kasserver.com\/algemene-voorwaarden\/"},"modified":"2025-06-23T12:28:01","modified_gmt":"2025-06-23T10:28:01","slug":"algemene-voorwaarden","status":"publish","type":"page","link":"https:\/\/www.tex-rail-training.be\/fr\/algemene-voorwaarden\/","title":{"rendered":"Algemene Voorwaarden"},"content":{"rendered":"\t\t<div data-elementor-type=\"wp-page\" data-elementor-id=\"6807\" class=\"elementor elementor-6807 elementor-4853\" data-elementor-post-type=\"page\">\n\t\t\t\t<div class=\"elementor-element elementor-element-c99e75c e-flex e-con-boxed e-con e-parent\" data-id=\"c99e75c\" data-element_type=\"container\">\n\t\t\t\t\t<div class=\"e-con-inner\">\n\t\t<div class=\"elementor-element elementor-element-6bb651f e-con-full e-flex e-con e-child\" data-id=\"6bb651f\" data-element_type=\"container\">\n\t\t\t\t<div class=\"elementor-element elementor-element-40c903c elementor-widget elementor-widget-text-editor\" data-id=\"40c903c\" data-element_type=\"widget\" data-widget_type=\"text-editor.default\">\n\t\t\t\t<div class=\"elementor-widget-container\">\n\t\t\t\t\t\t\t\t\t<h2><strong>Algemene Voorwaarden<\/strong><\/h2><p>Publicatiedatum 30 mei 2025<\/p><p><strong>Artikel 1: Toepasselijkheid<\/strong><\/p><ul><li>De voorwaarden zijn van toepassing op alle diensten en opleidingen aangeboden door TEX Rail Training Belgi\u00eb. Afwijkingen van deze voorwaarden gelden slechts wanneer zij uitdrukkelijk schriftelijk zijn overeengekomen. <\/li><li>Door het aangaan van een opdracht aanvaardt de opdrachtgever de toepasselijkheid van deze voorwaarden en zullen eventuele voorwaarden die de opdrachtgever hanteert niet van toepassing zijn. TEX Rail Training Belgi\u00eb wijst de toepasselijkheid van algemene voorwaarden van de opdrachtgever nadrukkelijk af. <\/li><li>De deelnemer(s) dient zich te houden aan de door TEX Rail Training Belgi\u00eb vastgestelde huisregels en veiligheidsvoorschriften. De School behoudt zich het recht voor om deelnemers die zich misdragen of de huisregels overtreden de toegang tot de opleiding te ontzeggen, zonder recht op restitutie van de opleidingskosten. <\/li><li>Het TEX Rail Training Belgi\u00eb examenreglement, is op de voorbereiding, uitvoering en beoordeling van een examen van<\/li><li>TEX Rail Training Belgi\u00eb behoudt zich het recht voor om deze algemene voorwaarden te wijzigen. De gewijzigde algemene voorwaarden zullen van kracht zijn vanaf het moment dat deze op de website van TEX Rail Training Belgi\u00eb zijn <\/li><li>Voor vragen of opmerkingen over deze algemene voorwaarden kunt u contact opnemen met de administratie van de School via <a href=\"mailto:talent@TEX-Rail-Training.be\">talent@TEX-Rail-Training.be<\/a><\/li><\/ul><p> <\/p><p><strong>2 Artikel 2: Totstandkoming van de overeenkomst<\/strong><\/p><ul><li>Alleen (digitaal) getekende offertes en\/of leveringsopdrachten voor een opleiding, herinstructie of examen worden geaccepteerd als opdracht voor TEX Rail Training Belgi\u00eb. De aanmeldingen worden verwerkt op volgorde van <\/li><li>De deelnemers aan een opleiding of examen moeten voldoen aan eventuele toelatingsvoorwaarden die duidelijk in de offerte staan gestipuleerd.<\/li><li>Na inschrijving ontvangt de contactpersoon een<\/li><li>Indien het minimale deelnemersaantal van 5 niet behaald wordt, behoudt TEX Rail Training Belgi\u00eb zich het recht om de opleiding uit te stellen tot het minimale deelnemersaantal behaald wordt.<\/li><li>Voor aanvang van de opleiding en examen ontvangt de contactpersoon een uitnodigingsbrief met praktische<\/li><li>Wijzigingen van en aanvullingen op een geoffreerde opdracht, evenals mondelinge afspraken, zijn slechts bindend indien schriftelijk door TEX Rail Training Belgi\u00eb bevestigd.<\/li><\/ul><p> <\/p><p><strong>3 Artikel 3: Annulering<\/strong><\/p><ul><li>De opdrachtgever kan tot vijf weken voor het begin van de opleiding en tot vier weken voor het begin van het examen kosteloos Bij annulering korter dan de genoemde termijn is het volledige bedrag verschuldigd. Voor een aantal opleidingen geldt een afwijkende termijn. Indien de termijn afwijkt staat dit vermeldt in de productinformatie.  <\/li><li>Annulering dient schriftelijk bevestigd te worden onder vermelding van de betreffende deelnemer en opleiding\/examengegevens. De datum van ontvangst bij TEX Rail Training Belgi\u00eb geldt als annuleringsdatum. Wanneer TEX Rail Training Belgi\u00eb geen correcte annuleringskennisgeving ontvangen heeft zal bij niet verschijnen van de deelnemer, de volledige prijs in rekening gebracht worden.  <\/li><li>Het is mogelijk in geval van verhindering van de deelnemer een vervanger te sturen, mits de vervangende deelnemer aan de toelatingsvoorwaarden voldoet.<\/li><li>Indien een opdrachtgever een opdracht moet annuleren kunnen alle door TEX Rail Training Belgi\u00eb ten behoeve van die opdracht aantoonbare kosten als gevolg van het annuleren van de opdracht voor rekening van de opdrachtgever worden<\/li><li>Indien TEX Rail Training Belgi\u00eb een opdracht, opleiding of examen door onvoorziene omstandigheden of overmacht moet annuleren, wordt in overleg met de opdrachtgever een passende oplossing gezocht. TEX Rail Training Belgi\u00eb is niet aansprakelijk voor schade die voor opdrachtgever uit het annuleren voortvloeit. <\/li><\/ul><p> <\/p><p><strong>4 Artikel 4: Afronding van de opdracht<\/strong><\/p><ul><li>Daar waar TEX Rail Training Belgi\u00eb haar dienstverlening schriftelijk evalueert, hebben klanten het recht op inzage van de<\/li><\/ul><ul><li>TEX Rail Training Belgi\u00eb verstrekt telefonisch geen informatie over de Opdrachtgever en kandidaat hebben recht op inzage in het examendossier. Dit dient schriftelijk\/mondeling aangevraagd te worden. <\/li><li>TEX Rail Training deelt voorafgaandelijk de taal mee waarin de opleiding zal gegeven worden. Het taalniveau van de kandidaat moet toelaten dat de opleiding in de aangekondigde taal kan gevolgd worden. Een ontoereikend taalniveau van de kandidaat kan niet ter motivatie gebruikt worden in geval van onderbreken of niet slagen in de opleiding.  <\/li><\/ul><p> <\/p><p><strong>5 Artikel 5: Facturering en betaling<\/strong><\/p><ul><li>Voor elke opleiding en\/of dienst die TEX Rail Training Belgi\u00eb biedt en extern worden gegeven geldt dat deze altijd exclusief reis- en verblijfskosten wordt geoffreerd tenzij anders schriftelijk is overeengekomen.<\/li><li>Elke maandag volgt een factuur voor de geplande opleidingsdagen van komende Indien een kandidaat tijdens de lopende week om eender welke reden de opleiding verlaat, volgt er geen terugbetaling van de pr\u00e9 factuur.<\/li><li>Betaling dient plaats te vinden binnen dertig dagen na<\/li><li>Klachten over facturen dienen schriftelijk binnen de 7 werkdagen te worden gemeld. Daarna wordt de factuur als goedgekeurd beschouwd. <\/li><li>Bij niet-tijdige betaling van een factuur (geheel of gedeeltelijk) behoudt TEX Rail Training Belgi\u00eb zich het recht voor om de deelnemer(s) van de betrokken onderneming de toegang tot de opleiding te ontzeggen of de betrokken onderneming te weren uit de eerst volgende opleiding.<\/li><li>Indien TEX Rail Training Belgi\u00eb het nodig acht een incassoprocedure te starten, komen de kosten hiervan voor rekening van de opdrachtgever. De kosten zijn, naar keuze van TEX Rail Training Belgi\u00eb, gelijk aan de werkelijke kosten of 15% van het factuurbedrag met een minimum van \u20ac 250,00. <\/li><\/ul><p> <\/p><p><strong>6 Artikel 6: Opleidingsmateriaal, auteursrecht en vertrouwelijkheid van informatie<\/strong><\/p><ul><li>Alle eigendomsrechten op het verstrekte opleidingsmateriaal en examens, evenals alle idee\u00ebn, knowhow en technische zaken die door TEX Rail Training Belgi\u00eb zijn ontwikkeld, blijven eigendom van TEX Rail Training Belgi\u00eb.<\/li><li>Kopi\u00ebren van opleidingsmateriaal van TEX Rail Training Belgi\u00eb is slechts toegestaan met voorafgaande schriftelijke toestemming van TEX Rail Training Belgi\u00eb.<\/li><li>Indien TEX Rail Training Belgi\u00eb gebruik maakt van bedrijfsspecifieke informatie zal TEX Rail Training Belgi\u00eb deze informatie alleen ten behoeve van het betreffende project gebruiken.<\/li><li>Zowel de opdrachtgever als TEX Rail Training Belgi\u00eb heeft de vrijheid om het door TEX Rail Training Belgi\u00eb , ten behoeve van de opdrachtgever, ontwikkelde product te gebruiken voor hun eigen publiciteit en promotie, mits de vertrouwelijkheid van informatie van beide partijen in acht genomen wordt en belangen niet geschaad worden.<\/li><li>TEX Rail Training Belgi\u00eb is gerechtigd haar naam te vermelden op het door TEX Rail Training Belgi\u00eb ontwikkelde product, in het colofon van een publicatie of in een titel.<\/li><li>De opdrachtgever verkrijgt het recht tot het gebruik van het door TEX Rail Training Belgi\u00eb ontwikkelde product met betrekking tot bestemming zoals is Indien opdrachtgever een ander of ruimer gebruik wenst te maken van het door TEX Rail Training Belgi\u00eb ontwikkelde product, is dit uitsluitend toegestaan nadat hiertoe een nadere overeenkomst tussen de partijen is afgesloten.<\/li><\/ul><p><strong>7 Artikel 7: Algemeen<\/strong><\/p><ul><li>Indien de dienstverlening van TEX Rail Training Belgi\u00eb tekortkomingen of gebreken vertoont ten opzichte van de in de opdracht vastgelegde afspraken, zal TEX Rail Training Belgi\u00eb dit herstellen voor zover dat binnen haar vermogen en verantwoordelijkheid ligt.<\/li><li>Met uitzondering van wat in deze voorwaarden is vastgesteld, is TEX Rail Training Belgi\u00eb niet aansprakelijk voor enige schade die is ontstaan ten gevolge van door TEX Rail Training Belgi\u00eb geleverde zaken en\/of verrichte diensten, waaronder schade van en aan deelnemers, kandidaten en\/of derden ontstaan tijdens opleiding en\/of het examen of als gevolg van het gebruik van opleidingsmateriaal.<\/li><li>Voor het geven van praktijkinstructies die zich op de openbare infra afspelen geldt dat TEX Rail Training Belgi\u00eb BV nimmer aansprakelijk kan worden gesteld voor de veiligheid van de De deelnemer verklaart hiermee dat deze zelf verantwoordelijk is voor zijn\/haar veiligheid.<\/li><li>Onverminderd wat in deze voorwaarden is bepaald, is TEX Rail Training Belgi\u00eb nimmer gehouden tot betaling van enige schadevergoeding aan de opdrachtgever die de waarde van de opdracht te boven gaat.<\/li><li>Het is de opdrachtgever niet toegestaan tijdens de uitvoering van de opdracht en binnen \u00e9\u00e9n jaar na be\u00ebindiging van de opdracht, personeel van TEX Rail Training Belgi\u00eb in dienst te nemen en\/of met dit personeel over indiensttreding te onderhandelen, en\/of dit personeel buiten dienstverband om werkzaamheden en\/ of diensten te laten verrichten overeenkomend met of vergelijkbaar aan de werkzaamheden en diensten die TEX Rail Training Belgi\u00eb<\/li><\/ul><ul><li>TEX Rail Training Belgi\u00eb hanteert een Klachten kunnen worden gemeld bij TEX Rail Training Belgi\u00eb en zullen binnen vier weken worden getracht op te lossen in overeenstemming met de opdrachtgever.<\/li><li>Alle procedures met betrekking tot dan wel voortvloeiend uit of verband houdende met een overeenkomst waarop de onderhavige voorwaarden van toepassing zijn, zullen uitsluitend aanhangig worden gemaakt voor de bevoegde rechter te<\/li><li>Op alle overeenkomsten tussen TEX Rail Training Belgi\u00eb en de opdrachtgever zal uitsluitend het Belgische Recht van toepassing zijn.<\/li><\/ul><table><tbody><tr><td width=\"59\"> <\/td><\/tr><tr><td> <\/td><td> <\/td><\/tr><\/tbody><\/table>\t\t\t\t\t\t\t\t<\/div>\n\t\t\t\t<\/div>\n\t\t\t\t<\/div>\n\t\t\t\t\t<\/div>\n\t\t\t\t<\/div>\n\t\t\t\t<\/div>\n\t\t","protected":false},"excerpt":{"rendered":"<p>Algemene Voorwaarden Publicatiedatum 30 mei 2025 Artikel 1: Toepasselijkheid De voorwaarden zijn van toepassing op alle diensten en opleidingen aangeboden door TEX Rail Training Belgi\u00eb. Afwijkingen van deze voorwaarden gelden slechts wanneer zij uitdrukkelijk schriftelijk zijn overeengekomen. Door het aangaan van een opdracht aanvaardt de opdrachtgever de toepasselijkheid van deze voorwaarden en zullen eventuele voorwaarden [&hellip;]<\/p>\n","protected":false},"author":3,"featured_media":0,"parent":0,"menu_order":0,"comment_status":"closed","ping_status":"closed","template":"","meta":{"_acf_changed":false,"inline_featured_image":false,"footnotes":""},"class_list":["post-6807","page","type-page","status-publish","hentry"],"acf":[],"yoast_head":"<!-- This site is optimized with the Yoast SEO plugin v25.4 - https:\/\/yoast.com\/wordpress\/plugins\/seo\/ -->\n<title>Algemene Voorwaarden - Trans Europa Express Holding<\/title>\n<meta name=\"robots\" content=\"index, follow, max-snippet:-1, max-image-preview:large, max-video-preview:-1\" \/>\n<link rel=\"canonical\" href=\"https:\/\/www.tex-rail-training.be\/fr\/algemene-voorwaarden\/\" \/>\n<meta property=\"og:locale\" content=\"fr_FR\" \/>\n<meta property=\"og:type\" content=\"article\" \/>\n<meta property=\"og:title\" content=\"Algemene Voorwaarden - Trans Europa Express Holding\" \/>\n<meta property=\"og:description\" content=\"Algemene Voorwaarden Publicatiedatum 30 mei 2025 Artikel 1: Toepasselijkheid De voorwaarden zijn van toepassing op alle diensten en opleidingen aangeboden door TEX Rail Training Belgi\u00eb. Afwijkingen van deze voorwaarden gelden slechts wanneer zij uitdrukkelijk schriftelijk zijn overeengekomen. Door het aangaan van een opdracht aanvaardt de opdrachtgever de toepasselijkheid van deze voorwaarden en zullen eventuele voorwaarden [&hellip;]\" \/>\n<meta property=\"og:url\" content=\"https:\/\/www.tex-rail-training.be\/fr\/algemene-voorwaarden\/\" \/>\n<meta property=\"og:site_name\" content=\"Trans Europa Express Holding\" \/>\n<meta property=\"article:modified_time\" content=\"2025-06-23T10:28:01+00:00\" \/>\n<meta name=\"twitter:card\" content=\"summary_large_image\" \/>\n<meta name=\"twitter:label1\" content=\"Dur\u00e9e de lecture estim\u00e9e\" \/>\n\t<meta name=\"twitter:data1\" content=\"7 minutes\" \/>\n<script type=\"application\/ld+json\" class=\"yoast-schema-graph\">{\"@context\":\"https:\/\/schema.org\",\"@graph\":[{\"@type\":\"WebPage\",\"@id\":\"https:\/\/www.tex-rail-training.be\/fr\/algemene-voorwaarden\/\",\"url\":\"https:\/\/www.tex-rail-training.be\/fr\/algemene-voorwaarden\/\",\"name\":\"Algemene Voorwaarden - Trans Europa Express Holding\",\"isPartOf\":{\"@id\":\"https:\/\/www.tex-rail-training.be\/fr\/#website\"},\"datePublished\":\"2025-05-20T12:24:55+00:00\",\"dateModified\":\"2025-06-23T10:28:01+00:00\",\"breadcrumb\":{\"@id\":\"https:\/\/www.tex-rail-training.be\/fr\/algemene-voorwaarden\/#breadcrumb\"},\"inLanguage\":\"fr-FR\",\"potentialAction\":[{\"@type\":\"ReadAction\",\"target\":[\"https:\/\/www.tex-rail-training.be\/fr\/algemene-voorwaarden\/\"]}]},{\"@type\":\"BreadcrumbList\",\"@id\":\"https:\/\/www.tex-rail-training.be\/fr\/algemene-voorwaarden\/#breadcrumb\",\"itemListElement\":[{\"@type\":\"ListItem\",\"position\":1,\"name\":\"Startseite\",\"item\":\"https:\/\/www.tex-rail-training.be\/fr\/\"},{\"@type\":\"ListItem\",\"position\":2,\"name\":\"Algemene Voorwaarden\"}]},{\"@type\":\"WebSite\",\"@id\":\"https:\/\/www.tex-rail-training.be\/fr\/#website\",\"url\":\"https:\/\/www.tex-rail-training.be\/fr\/\",\"name\":\"Trans Europa Express Holding\",\"description\":\"\",\"publisher\":{\"@id\":\"https:\/\/www.tex-rail-training.be\/fr\/#organization\"},\"potentialAction\":[{\"@type\":\"SearchAction\",\"target\":{\"@type\":\"EntryPoint\",\"urlTemplate\":\"https:\/\/www.tex-rail-training.be\/fr\/?s={search_term_string}\"},\"query-input\":{\"@type\":\"PropertyValueSpecification\",\"valueRequired\":true,\"valueName\":\"search_term_string\"}}],\"inLanguage\":\"fr-FR\"},{\"@type\":\"Organization\",\"@id\":\"https:\/\/www.tex-rail-training.be\/fr\/#organization\",\"name\":\"Trans Europa Express Holding\",\"url\":\"https:\/\/www.tex-rail-training.be\/fr\/\",\"logo\":{\"@type\":\"ImageObject\",\"inLanguage\":\"fr-FR\",\"@id\":\"https:\/\/www.tex-rail-training.be\/fr\/#\/schema\/logo\/image\/\",\"url\":\"https:\/\/www.tex-rail-training.be\/wp-content\/uploads\/2024\/08\/Logo_Text_Rail_Training_Farbe.svg\",\"contentUrl\":\"https:\/\/www.tex-rail-training.be\/wp-content\/uploads\/2024\/08\/Logo_Text_Rail_Training_Farbe.svg\",\"width\":555,\"height\":329,\"caption\":\"Trans Europa Express Holding\"},\"image\":{\"@id\":\"https:\/\/www.tex-rail-training.be\/fr\/#\/schema\/logo\/image\/\"}}]}<\/script>\n<!-- \/ Yoast SEO plugin. -->","yoast_head_json":{"title":"Algemene Voorwaarden - Trans Europa Express Holding","robots":{"index":"index","follow":"follow","max-snippet":"max-snippet:-1","max-image-preview":"max-image-preview:large","max-video-preview":"max-video-preview:-1"},"canonical":"https:\/\/www.tex-rail-training.be\/fr\/algemene-voorwaarden\/","og_locale":"fr_FR","og_type":"article","og_title":"Algemene Voorwaarden - Trans Europa Express Holding","og_description":"Algemene Voorwaarden Publicatiedatum 30 mei 2025 Artikel 1: Toepasselijkheid De voorwaarden zijn van toepassing op alle diensten en opleidingen aangeboden door TEX Rail Training Belgi\u00eb. Afwijkingen van deze voorwaarden gelden slechts wanneer zij uitdrukkelijk schriftelijk zijn overeengekomen. Door het aangaan van een opdracht aanvaardt de opdrachtgever de toepasselijkheid van deze voorwaarden en zullen eventuele voorwaarden [&hellip;]","og_url":"https:\/\/www.tex-rail-training.be\/fr\/algemene-voorwaarden\/","og_site_name":"Trans Europa Express Holding","article_modified_time":"2025-06-23T10:28:01+00:00","twitter_card":"summary_large_image","twitter_misc":{"Dur\u00e9e de lecture estim\u00e9e":"7 minutes"},"schema":{"@context":"https:\/\/schema.org","@graph":[{"@type":"WebPage","@id":"https:\/\/www.tex-rail-training.be\/fr\/algemene-voorwaarden\/","url":"https:\/\/www.tex-rail-training.be\/fr\/algemene-voorwaarden\/","name":"Algemene Voorwaarden - Trans Europa Express Holding","isPartOf":{"@id":"https:\/\/www.tex-rail-training.be\/fr\/#website"},"datePublished":"2025-05-20T12:24:55+00:00","dateModified":"2025-06-23T10:28:01+00:00","breadcrumb":{"@id":"https:\/\/www.tex-rail-training.be\/fr\/algemene-voorwaarden\/#breadcrumb"},"inLanguage":"fr-FR","potentialAction":[{"@type":"ReadAction","target":["https:\/\/www.tex-rail-training.be\/fr\/algemene-voorwaarden\/"]}]},{"@type":"BreadcrumbList","@id":"https:\/\/www.tex-rail-training.be\/fr\/algemene-voorwaarden\/#breadcrumb","itemListElement":[{"@type":"ListItem","position":1,"name":"Startseite","item":"https:\/\/www.tex-rail-training.be\/fr\/"},{"@type":"ListItem","position":2,"name":"Algemene Voorwaarden"}]},{"@type":"WebSite","@id":"https:\/\/www.tex-rail-training.be\/fr\/#website","url":"https:\/\/www.tex-rail-training.be\/fr\/","name":"Trans Europa Express Holding","description":"","publisher":{"@id":"https:\/\/www.tex-rail-training.be\/fr\/#organization"},"potentialAction":[{"@type":"SearchAction","target":{"@type":"EntryPoint","urlTemplate":"https:\/\/www.tex-rail-training.be\/fr\/?s={search_term_string}"},"query-input":{"@type":"PropertyValueSpecification","valueRequired":true,"valueName":"search_term_string"}}],"inLanguage":"fr-FR"},{"@type":"Organization","@id":"https:\/\/www.tex-rail-training.be\/fr\/#organization","name":"Trans Europa Express Holding","url":"https:\/\/www.tex-rail-training.be\/fr\/","logo":{"@type":"ImageObject","inLanguage":"fr-FR","@id":"https:\/\/www.tex-rail-training.be\/fr\/#\/schema\/logo\/image\/","url":"https:\/\/www.tex-rail-training.be\/wp-content\/uploads\/2024\/08\/Logo_Text_Rail_Training_Farbe.svg","contentUrl":"https:\/\/www.tex-rail-training.be\/wp-content\/uploads\/2024\/08\/Logo_Text_Rail_Training_Farbe.svg","width":555,"height":329,"caption":"Trans Europa Express Holding"},"image":{"@id":"https:\/\/www.tex-rail-training.be\/fr\/#\/schema\/logo\/image\/"}}]}},"_links":{"self":[{"href":"https:\/\/www.tex-rail-training.be\/fr\/wp-json\/wp\/v2\/pages\/6807","targetHints":{"allow":["GET"]}}],"collection":[{"href":"https:\/\/www.tex-rail-training.be\/fr\/wp-json\/wp\/v2\/pages"}],"about":[{"href":"https:\/\/www.tex-rail-training.be\/fr\/wp-json\/wp\/v2\/types\/page"}],"author":[{"embeddable":true,"href":"https:\/\/www.tex-rail-training.be\/fr\/wp-json\/wp\/v2\/users\/3"}],"replies":[{"embeddable":true,"href":"https:\/\/www.tex-rail-training.be\/fr\/wp-json\/wp\/v2\/comments?post=6807"}],"version-history":[{"count":1,"href":"https:\/\/www.tex-rail-training.be\/fr\/wp-json\/wp\/v2\/pages\/6807\/revisions"}],"predecessor-version":[{"id":6808,"href":"https:\/\/www.tex-rail-training.be\/fr\/wp-json\/wp\/v2\/pages\/6807\/revisions\/6808"}],"wp:attachment":[{"href":"https:\/\/www.tex-rail-training.be\/fr\/wp-json\/wp\/v2\/media?parent=6807"}],"curies":[{"name":"wp","href":"https:\/\/api.w.org\/{rel}","templated":true}]}}