{"id":6815,"date":"2024-08-14T16:48:07","date_gmt":"2024-08-14T14:48:07","guid":{"rendered":"http:\/\/new.tex-rail-training.be.w01d422b.kasserver.com\/?page_id=6815"},"modified":"2025-07-01T10:06:49","modified_gmt":"2025-07-01T08:06:49","slug":"imprint","status":"publish","type":"page","link":"https:\/\/www.tex-rail-training.be\/fr\/imprint\/","title":{"rendered":"Imprint"},"content":{"rendered":"\t\t<div data-elementor-type=\"wp-page\" data-elementor-id=\"6815\" class=\"elementor elementor-6815 elementor-4859\" data-elementor-post-type=\"page\">\n\t\t\t\t<div class=\"elementor-element elementor-element-ab8269a e-flex e-con-boxed e-con e-parent\" data-id=\"ab8269a\" data-element_type=\"container\">\n\t\t\t\t\t<div class=\"e-con-inner\">\n\t\t\t\t<div class=\"elementor-element elementor-element-3251cb3 elementor-widget elementor-widget-text-editor\" data-id=\"3251cb3\" data-element_type=\"widget\" data-widget_type=\"text-editor.default\">\n\t\t\t\t<div class=\"elementor-widget-container\">\n\t\t\t\t\t\t\t\t\t<h3><strong>Mentions l\u00e9gales <\/strong><\/h3><p><strong>TEX Rail Training Belgi\u00eb BV, <\/strong><\/p><p>Vestinglaan 57 bus 25,<\/p><p>2650 Edegem (prov Antwerpen)<\/p><p>BTW nummer: 1009.993.593<\/p><p>Tel: +32 3 3772535<\/p><p>Mail: talen@tex-rail-training.be<\/p><p><strong>Vertegenwoordigd door:<\/strong> Kristof Oeyen (Managing Director) <\/p><h3><strong>Responsabilit\u00e9 quant au contenu<\/strong><\/h3><p>TEX Rail Training Belgi\u00eb s&rsquo;efforce de maintenir les informations de ce site \u00e0 jour et exactes. Cependant, aucune garantie ne peut \u00eatre donn\u00e9e quant \u00e0 leur exhaustivit\u00e9 ou leur actualit\u00e9. TEX est uniquement responsable du contenu propre publi\u00e9 sur ce site, conform\u00e9ment \u00e0 l\u2019article XII.19 du Code de droit \u00e9conomique belge.  <\/p><div> <\/div><h3><strong>Responsabilit\u00e9 concernant les liens externes<\/strong><\/h3><p>Ce site peut contenir des hyperliens vers des sites internet de tiers. TEX Rail Training Belgi\u00eb n\u2019exerce aucun contr\u00f4le sur leur contenu et d\u00e9cline donc toute responsabilit\u00e9 quant \u00e0 d\u2019\u00e9ventuels dommages r\u00e9sultant de leur utilisation. En cas de notification d&rsquo;une infraction, le lien concern\u00e9 sera supprim\u00e9 sans d\u00e9lai.  <\/p><div> <\/div><h3><strong>Droits d\u2019auteur<\/strong><\/h3><p>La structure et le contenu de ce site \u2014 y compris les textes, images, logos et \u00e9l\u00e9ments graphiques \u2014 sont prot\u00e9g\u00e9s par les droits d\u2019auteur. Toute reproduction, diffusion ou utilisation sortant du cadre l\u00e9gal n\u00e9cessite l\u2019autorisation \u00e9crite pr\u00e9alable de TEX Rail Training Belgi\u00eb ou du d\u00e9tenteur l\u00e9gitime des droits. <\/p><div> <\/div><h3><strong>R\u00e8glement des litiges<\/strong><\/h3><p>En cas de litige, les consommateurs peuvent faire appel \u00e0 la plateforme europ\u00e9enne de r\u00e8glement en ligne des litiges : <button type=\"button\" data-url=\"https:\/\/ec.europa.eu\/consumers\/odr\">https:\/\/ec.europa.eu\/consumers\/odr<\/button><\/p><p>TEX Rail Training Belgi\u00eb n\u2019est ni oblig\u00e9 ni dispos\u00e9 \u00e0 participer \u00e0 une proc\u00e9dure de m\u00e9diation aupr\u00e8s d\u2019un organisme agr\u00e9\u00e9 en Belgique.<\/p><div> <\/div>\t\t\t\t\t\t\t\t<\/div>\n\t\t\t\t<\/div>\n\t\t\t\t\t<\/div>\n\t\t\t\t<\/div>\n\t\t\t\t<\/div>\n\t\t","protected":false},"excerpt":{"rendered":"<p>Mentions l\u00e9gales TEX Rail Training Belgi\u00eb BV, Vestinglaan 57 bus 25, 2650 Edegem (prov Antwerpen) BTW nummer: 1009.993.593 Tel: +32 3 3772535 Mail: talen@tex-rail-training.be Vertegenwoordigd door: Kristof Oeyen (Managing Director) Responsabilit\u00e9 quant au contenu TEX Rail Training Belgi\u00eb s&rsquo;efforce de maintenir les informations de ce site \u00e0 jour et exactes. Cependant, aucune garantie ne peut [&hellip;]<\/p>\n","protected":false},"author":3,"featured_media":0,"parent":0,"menu_order":0,"comment_status":"closed","ping_status":"closed","template":"","meta":{"_acf_changed":false,"inline_featured_image":false,"footnotes":""},"class_list":["post-6815","page","type-page","status-publish","hentry"],"acf":[],"yoast_head":"<!-- This site is optimized with the Yoast SEO plugin v25.4 - https:\/\/yoast.com\/wordpress\/plugins\/seo\/ -->\n<title>Imprint - Trans Europa Express Holding<\/title>\n<meta name=\"robots\" content=\"noindex, follow\" \/>\n<meta property=\"og:locale\" content=\"fr_FR\" \/>\n<meta property=\"og:type\" content=\"article\" \/>\n<meta property=\"og:title\" content=\"Imprint - Trans Europa Express Holding\" \/>\n<meta property=\"og:description\" content=\"Mentions l\u00e9gales TEX Rail Training Belgi\u00eb BV, Vestinglaan 57 bus 25, 2650 Edegem (prov Antwerpen) BTW nummer: 1009.993.593 Tel: +32 3 3772535 Mail: talen@tex-rail-training.be Vertegenwoordigd door: Kristof Oeyen (Managing Director) Responsabilit\u00e9 quant au contenu TEX Rail Training Belgi\u00eb s&rsquo;efforce de maintenir les informations de ce site \u00e0 jour et exactes. Cependant, aucune garantie ne peut [&hellip;]\" \/>\n<meta property=\"og:url\" content=\"https:\/\/www.tex-rail-training.be\/fr\/imprint\/\" \/>\n<meta property=\"og:site_name\" content=\"Trans Europa Express Holding\" \/>\n<meta property=\"article:modified_time\" content=\"2025-07-01T08:06:49+00:00\" \/>\n<meta name=\"twitter:card\" content=\"summary_large_image\" \/>\n<meta name=\"twitter:label1\" content=\"Dur\u00e9e de lecture estim\u00e9e\" \/>\n\t<meta name=\"twitter:data1\" content=\"1 minute\" \/>\n<script type=\"application\/ld+json\" class=\"yoast-schema-graph\">{\"@context\":\"https:\/\/schema.org\",\"@graph\":[{\"@type\":\"WebPage\",\"@id\":\"https:\/\/www.tex-rail-training.be\/fr\/imprint\/\",\"url\":\"https:\/\/www.tex-rail-training.be\/fr\/imprint\/\",\"name\":\"Imprint - Trans Europa Express Holding\",\"isPartOf\":{\"@id\":\"https:\/\/www.tex-rail-training.be\/fr\/#website\"},\"datePublished\":\"2024-08-14T14:48:07+00:00\",\"dateModified\":\"2025-07-01T08:06:49+00:00\",\"breadcrumb\":{\"@id\":\"https:\/\/www.tex-rail-training.be\/fr\/imprint\/#breadcrumb\"},\"inLanguage\":\"fr-FR\",\"potentialAction\":[{\"@type\":\"ReadAction\",\"target\":[\"https:\/\/www.tex-rail-training.be\/fr\/imprint\/\"]}]},{\"@type\":\"BreadcrumbList\",\"@id\":\"https:\/\/www.tex-rail-training.be\/fr\/imprint\/#breadcrumb\",\"itemListElement\":[{\"@type\":\"ListItem\",\"position\":1,\"name\":\"Startseite\",\"item\":\"https:\/\/www.tex-rail-training.be\/fr\/\"},{\"@type\":\"ListItem\",\"position\":2,\"name\":\"Imprint\"}]},{\"@type\":\"WebSite\",\"@id\":\"https:\/\/www.tex-rail-training.be\/fr\/#website\",\"url\":\"https:\/\/www.tex-rail-training.be\/fr\/\",\"name\":\"Trans Europa Express Holding\",\"description\":\"\",\"publisher\":{\"@id\":\"https:\/\/www.tex-rail-training.be\/fr\/#organization\"},\"potentialAction\":[{\"@type\":\"SearchAction\",\"target\":{\"@type\":\"EntryPoint\",\"urlTemplate\":\"https:\/\/www.tex-rail-training.be\/fr\/?s={search_term_string}\"},\"query-input\":{\"@type\":\"PropertyValueSpecification\",\"valueRequired\":true,\"valueName\":\"search_term_string\"}}],\"inLanguage\":\"fr-FR\"},{\"@type\":\"Organization\",\"@id\":\"https:\/\/www.tex-rail-training.be\/fr\/#organization\",\"name\":\"Trans Europa Express Holding\",\"url\":\"https:\/\/www.tex-rail-training.be\/fr\/\",\"logo\":{\"@type\":\"ImageObject\",\"inLanguage\":\"fr-FR\",\"@id\":\"https:\/\/www.tex-rail-training.be\/fr\/#\/schema\/logo\/image\/\",\"url\":\"https:\/\/www.tex-rail-training.be\/wp-content\/uploads\/2024\/08\/Logo_Text_Rail_Training_Farbe.svg\",\"contentUrl\":\"https:\/\/www.tex-rail-training.be\/wp-content\/uploads\/2024\/08\/Logo_Text_Rail_Training_Farbe.svg\",\"width\":555,\"height\":329,\"caption\":\"Trans Europa Express Holding\"},\"image\":{\"@id\":\"https:\/\/www.tex-rail-training.be\/fr\/#\/schema\/logo\/image\/\"}}]}<\/script>\n<!-- \/ Yoast SEO plugin. -->","yoast_head_json":{"title":"Imprint - Trans Europa Express Holding","robots":{"index":"noindex","follow":"follow"},"og_locale":"fr_FR","og_type":"article","og_title":"Imprint - Trans Europa Express Holding","og_description":"Mentions l\u00e9gales TEX Rail Training Belgi\u00eb BV, Vestinglaan 57 bus 25, 2650 Edegem (prov Antwerpen) BTW nummer: 1009.993.593 Tel: +32 3 3772535 Mail: talen@tex-rail-training.be Vertegenwoordigd door: Kristof Oeyen (Managing Director) Responsabilit\u00e9 quant au contenu TEX Rail Training Belgi\u00eb s&rsquo;efforce de maintenir les informations de ce site \u00e0 jour et exactes. Cependant, aucune garantie ne peut [&hellip;]","og_url":"https:\/\/www.tex-rail-training.be\/fr\/imprint\/","og_site_name":"Trans Europa Express Holding","article_modified_time":"2025-07-01T08:06:49+00:00","twitter_card":"summary_large_image","twitter_misc":{"Dur\u00e9e de lecture estim\u00e9e":"1 minute"},"schema":{"@context":"https:\/\/schema.org","@graph":[{"@type":"WebPage","@id":"https:\/\/www.tex-rail-training.be\/fr\/imprint\/","url":"https:\/\/www.tex-rail-training.be\/fr\/imprint\/","name":"Imprint - Trans Europa Express Holding","isPartOf":{"@id":"https:\/\/www.tex-rail-training.be\/fr\/#website"},"datePublished":"2024-08-14T14:48:07+00:00","dateModified":"2025-07-01T08:06:49+00:00","breadcrumb":{"@id":"https:\/\/www.tex-rail-training.be\/fr\/imprint\/#breadcrumb"},"inLanguage":"fr-FR","potentialAction":[{"@type":"ReadAction","target":["https:\/\/www.tex-rail-training.be\/fr\/imprint\/"]}]},{"@type":"BreadcrumbList","@id":"https:\/\/www.tex-rail-training.be\/fr\/imprint\/#breadcrumb","itemListElement":[{"@type":"ListItem","position":1,"name":"Startseite","item":"https:\/\/www.tex-rail-training.be\/fr\/"},{"@type":"ListItem","position":2,"name":"Imprint"}]},{"@type":"WebSite","@id":"https:\/\/www.tex-rail-training.be\/fr\/#website","url":"https:\/\/www.tex-rail-training.be\/fr\/","name":"Trans Europa Express Holding","description":"","publisher":{"@id":"https:\/\/www.tex-rail-training.be\/fr\/#organization"},"potentialAction":[{"@type":"SearchAction","target":{"@type":"EntryPoint","urlTemplate":"https:\/\/www.tex-rail-training.be\/fr\/?s={search_term_string}"},"query-input":{"@type":"PropertyValueSpecification","valueRequired":true,"valueName":"search_term_string"}}],"inLanguage":"fr-FR"},{"@type":"Organization","@id":"https:\/\/www.tex-rail-training.be\/fr\/#organization","name":"Trans Europa Express Holding","url":"https:\/\/www.tex-rail-training.be\/fr\/","logo":{"@type":"ImageObject","inLanguage":"fr-FR","@id":"https:\/\/www.tex-rail-training.be\/fr\/#\/schema\/logo\/image\/","url":"https:\/\/www.tex-rail-training.be\/wp-content\/uploads\/2024\/08\/Logo_Text_Rail_Training_Farbe.svg","contentUrl":"https:\/\/www.tex-rail-training.be\/wp-content\/uploads\/2024\/08\/Logo_Text_Rail_Training_Farbe.svg","width":555,"height":329,"caption":"Trans Europa Express Holding"},"image":{"@id":"https:\/\/www.tex-rail-training.be\/fr\/#\/schema\/logo\/image\/"}}]}},"_links":{"self":[{"href":"https:\/\/www.tex-rail-training.be\/fr\/wp-json\/wp\/v2\/pages\/6815","targetHints":{"allow":["GET"]}}],"collection":[{"href":"https:\/\/www.tex-rail-training.be\/fr\/wp-json\/wp\/v2\/pages"}],"about":[{"href":"https:\/\/www.tex-rail-training.be\/fr\/wp-json\/wp\/v2\/types\/page"}],"author":[{"embeddable":true,"href":"https:\/\/www.tex-rail-training.be\/fr\/wp-json\/wp\/v2\/users\/3"}],"replies":[{"embeddable":true,"href":"https:\/\/www.tex-rail-training.be\/fr\/wp-json\/wp\/v2\/comments?post=6815"}],"version-history":[{"count":1,"href":"https:\/\/www.tex-rail-training.be\/fr\/wp-json\/wp\/v2\/pages\/6815\/revisions"}],"predecessor-version":[{"id":6816,"href":"https:\/\/www.tex-rail-training.be\/fr\/wp-json\/wp\/v2\/pages\/6815\/revisions\/6816"}],"wp:attachment":[{"href":"https:\/\/www.tex-rail-training.be\/fr\/wp-json\/wp\/v2\/media?parent=6815"}],"curies":[{"name":"wp","href":"https:\/\/api.w.org\/{rel}","templated":true}]}}